{"id":3129,"date":"2025-04-29T11:08:36","date_gmt":"2025-04-29T09:08:36","guid":{"rendered":"https:\/\/www.camping-lepontillou.com\/authentic-camping-stories-and-values\/"},"modified":"2025-05-19T15:41:50","modified_gmt":"2025-05-19T13:41:50","slug":"authentic-camping-stories-and-values","status":"publish","type":"page","link":"https:\/\/www.camping-lepontillou.com\/en\/authentic-camping-stories-and-values\/","title":{"rendered":"The campsite"},"content":{"rendered":"\n<section class=\"wp-block-group home-intro page-intro is-layout-flow wp-block-group-is-layout-flow\">\n<figure class=\"wp-block-image size-full leaf-section\"><img loading=\"lazy\" decoding=\"async\" width=\"535\" height=\"521\" src=\"https:\/\/www.camping-lepontillou.com\/wp-content\/uploads\/2025\/04\/trait-feuille-1.svg\" alt=\"camping familial perigord\" class=\"wp-image-474\"\/><\/figure>\n\n\n\n<div class=\"wp-block-columns is-layout-flex wp-container-core-columns-is-layout-28f84493 wp-block-columns-is-layout-flex\">\n<div class=\"wp-block-column left is-layout-flow wp-block-column-is-layout-flow\">\n<div class=\"wp-block-group is-vertical is-layout-flex wp-container-core-group-is-layout-fe9cc265 wp-block-group-is-layout-flex\">\n<figure class=\"wp-block-image size-full box-img\"><img loading=\"lazy\" decoding=\"async\" width=\"713\" height=\"830\" src=\"https:\/\/www.camping-lepontillou.com\/wp-content\/uploads\/2025\/05\/entree-camping.jpg\" alt=\"campsite entrance\" class=\"wp-image-2960\" srcset=\"https:\/\/www.camping-lepontillou.com\/wp-content\/uploads\/2025\/05\/entree-camping.jpg 713w, https:\/\/www.camping-lepontillou.com\/wp-content\/uploads\/2025\/05\/entree-camping-258x300.jpg 258w\" sizes=\"auto, (max-width: 713px) 100vw, 713px\" \/><\/figure>\n\n\n\n<figure class=\"wp-block-image size-full box-img\"><img loading=\"lazy\" decoding=\"async\" width=\"713\" height=\"830\" src=\"https:\/\/www.camping-lepontillou.com\/wp-content\/uploads\/2025\/05\/camping-nature-perigord.jpg\" alt=\"camping nature perigord\" class=\"wp-image-926\" srcset=\"https:\/\/www.camping-lepontillou.com\/wp-content\/uploads\/2025\/05\/camping-nature-perigord.jpg 713w, https:\/\/www.camping-lepontillou.com\/wp-content\/uploads\/2025\/05\/camping-nature-perigord-258x300.jpg 258w\" sizes=\"auto, (max-width: 713px) 100vw, 713px\" \/><\/figure>\n<\/div>\n<\/div>\n\n\n\n<div class=\"wp-block-column right is-layout-flow wp-block-column-is-layout-flow\">\n<h1 class=\"wp-block-heading\">Quiet, friendly campsite in the Dordogne<\/h1>\n\n\n\n<h2 class=\"wp-block-heading\" style=\"margin-bottom:var(--wp--preset--spacing--30)\">The history of camping in Villamblard<\/h2>\n\n\n\n<p style=\"line-height:2\">&#8220;Le Pontillou, meaning &#8220;little bridge&#8221; in Occitan, is <strong>Villamblard&#8217;s former municipal campsite<\/strong>, located in the valley of the same name. We were seduced by its charm in 2021. <\/p>\n\n\n\n<p style=\"line-height:2\">Every year, we continue to upgrade and embellish the campsite to ensure you enjoy a relaxing vacation in the P\u00e9rigord countryside.<\/p>\n\n\n\n<p style=\"line-height:2\"><strong>From<\/strong><strong>April<\/strong><strong> to the end of October<\/strong>, we&#8217;ll be delighted to welcome you to this <strong>bucolic<\/strong> haven of peace, ideal for a relaxing vacation with family or friends.<\/p>\n\n\n\n<p style=\"line-height:2\">But also for groups of cyclists, bikers, associations, works councils&#8230; in a relaxed atmosphere.<\/p>\n<\/div>\n<\/div>\n<\/section>\n\n<section class=\"wp-block-group home-second page-second is-layout-flow wp-block-group-is-layout-flow\" style=\"padding-bottom:2.1rem\">\n<div class=\"wp-block-columns top is-layout-flex wp-container-core-columns-is-layout-28f84493 wp-block-columns-is-layout-flex\">\n<div class=\"wp-block-column is-vertically-aligned-center left has-link-color wp-elements-051350e28c8020e889fec092c0965528 is-layout-flow wp-block-column-is-layout-flow\" style=\"flex-basis:45%\">\n<h2 class=\"wp-block-heading\" style=\"margin-bottom:var(--wp--preset--spacing--30)\">Our values<\/h2>\n\n\n\n<p style=\"line-height:2\">Choosing Le Pontillou, an authentic, traditional <a href=\"https:\/\/www.camping-lepontillou.com\/en\/\" data-type=\"page\" data-id=\"10\">2-star campsite in the Dordogne<\/a> countryside, means choosing a <strong>simple, soothing way of life<\/strong>. Surrounded by nature, you&#8217;ll enjoy fresh air, magnificent scenery and a real <strong>human connection<\/strong>. <\/p>\n\n\n\n<p style=\"line-height:2\">Here, the values of <strong>solidarity<\/strong>, <strong>simplicity<\/strong> and <strong>mutual respect<\/strong> are at the heart of every day. Rediscover the essentials of rural serenity and enjoy family activities, warm spaces and an <strong>authentic atmosphere<\/strong>. Come and create unforgettable memories in this haven of peace in the heart of nature.  <\/p>\n\n\n\n<div style=\"height:70px\" aria-hidden=\"true\" class=\"wp-block-spacer gt-hide-mobile\"><\/div>\n\n\n\n<p class=\"h1-like has-custom-color-1-color has-text-color has-link-color has-olijo-font-family wp-elements-3804b8d5b4db64a0e744bc7490e36faf\" style=\"font-size:clamp(39.963px, 2.498rem + ((1vw - 3.2px) * 3.65), 75px);\"><span>Vacations<\/span> in the countryside!<\/p>\n<\/div>\n\n\n\n<div class=\"wp-block-column right is-layout-flow wp-block-column-is-layout-flow\" style=\"flex-basis:55%\">\n<div data-swiper=\"{&quot;speed&quot;:400,&quot;spaceBetween&quot;:16,&quot;slidesPerView&quot;:1,&quot;createElements&quot;:true,&quot;loop&quot;:true,&quot;freemode&quot;:true,&quot;navigation&quot;:{&quot;nextEl&quot;:&quot;buttonNext&quot;,&quot;prevEl&quot;:&quot;buttonPrev&quot;},&quot;breakpoints&quot;:{&quot;0&quot;:{&quot;slidesPerView&quot;:1},&quot;380&quot;:[],&quot;1024&quot;:[]},&quot;pagination&quot;:false,&quot;autoplay&quot;:{&quot;delay&quot;:3000}}\" class=\"wp-block-group gt-is-slider gt-is-slider-desktop is-layout-flow wp-block-group-is-layout-flow\">\n<figure class=\"wp-block-image aligncenter size-full\"><img loading=\"lazy\" decoding=\"async\" width=\"769\" height=\"1024\" src=\"https:\/\/www.camping-lepontillou.com\/wp-content\/uploads\/2025\/05\/32cbea38-9757-40d8-bc98-80ba86be6095.jpg\" alt=\"thierry\" class=\"wp-image-950\" srcset=\"https:\/\/www.camping-lepontillou.com\/wp-content\/uploads\/2025\/05\/32cbea38-9757-40d8-bc98-80ba86be6095.jpg 769w, https:\/\/www.camping-lepontillou.com\/wp-content\/uploads\/2025\/05\/32cbea38-9757-40d8-bc98-80ba86be6095-225x300.jpg 225w\" sizes=\"auto, (max-width: 769px) 100vw, 769px\" \/><\/figure>\n\n\n\n<figure class=\"wp-block-image aligncenter size-full\"><img loading=\"lazy\" decoding=\"async\" width=\"768\" height=\"1024\" src=\"https:\/\/www.camping-lepontillou.com\/wp-content\/uploads\/2025\/05\/2021-Robert-et-sa-famille.jpg\" alt=\"2021 Robert and his family\" class=\"wp-image-947\" srcset=\"https:\/\/www.camping-lepontillou.com\/wp-content\/uploads\/2025\/05\/2021-Robert-et-sa-famille.jpg 768w, https:\/\/www.camping-lepontillou.com\/wp-content\/uploads\/2025\/05\/2021-Robert-et-sa-famille-225x300.jpg 225w\" sizes=\"auto, (max-width: 768px) 100vw, 768px\" \/><\/figure>\n\n\n\n<figure class=\"wp-block-image aligncenter size-full\"><img loading=\"lazy\" decoding=\"async\" width=\"1600\" height=\"900\" src=\"https:\/\/www.camping-lepontillou.com\/wp-content\/uploads\/2025\/05\/camping-convivial.jpg\" alt=\"friendly camping\" class=\"wp-image-953\" srcset=\"https:\/\/www.camping-lepontillou.com\/wp-content\/uploads\/2025\/05\/camping-convivial.jpg 1600w, https:\/\/www.camping-lepontillou.com\/wp-content\/uploads\/2025\/05\/camping-convivial-300x169.jpg 300w, https:\/\/www.camping-lepontillou.com\/wp-content\/uploads\/2025\/05\/camping-convivial-1024x576.jpg 1024w, https:\/\/www.camping-lepontillou.com\/wp-content\/uploads\/2025\/05\/camping-convivial-768x432.jpg 768w, https:\/\/www.camping-lepontillou.com\/wp-content\/uploads\/2025\/05\/camping-convivial-1536x864.jpg 1536w\" sizes=\"auto, (max-width: 1600px) 100vw, 1600px\" \/><\/figure>\n\n\n\n<figure class=\"wp-block-image aligncenter size-full\"><img loading=\"lazy\" decoding=\"async\" width=\"1599\" height=\"899\" src=\"https:\/\/www.camping-lepontillou.com\/wp-content\/uploads\/2025\/05\/ambiance-du-camping.jpg\" alt=\"camping atmosphere\" class=\"wp-image-956\" srcset=\"https:\/\/www.camping-lepontillou.com\/wp-content\/uploads\/2025\/05\/ambiance-du-camping.jpg 1599w, https:\/\/www.camping-lepontillou.com\/wp-content\/uploads\/2025\/05\/ambiance-du-camping-300x169.jpg 300w, https:\/\/www.camping-lepontillou.com\/wp-content\/uploads\/2025\/05\/ambiance-du-camping-1024x576.jpg 1024w, https:\/\/www.camping-lepontillou.com\/wp-content\/uploads\/2025\/05\/ambiance-du-camping-768x432.jpg 768w, https:\/\/www.camping-lepontillou.com\/wp-content\/uploads\/2025\/05\/ambiance-du-camping-1536x864.jpg 1536w\" sizes=\"auto, (max-width: 1599px) 100vw, 1599px\" \/><\/figure>\n<\/div>\n<\/div>\n<\/div>\n<\/section>\n\n<section class=\"wp-block-group home-third bis page-third has-custom-color-1-background-color has-background is-layout-flow wp-block-group-is-layout-flow\" style=\"border-top-left-radius:60px;border-bottom-right-radius:60px;padding-bottom:var(--wp--preset--spacing--50)\">\n<div class=\"wp-block-columns is-layout-flex wp-container-core-columns-is-layout-ceb339ea wp-block-columns-is-layout-flex\" style=\"padding-top:var(--wp--preset--spacing--60)\">\n<div class=\"wp-block-column right is-layout-flow wp-block-column-is-layout-flow\" style=\"flex-basis:55%\">\n<div data-swiper=\"{&quot;speed&quot;:400,&quot;spaceBetween&quot;:16,&quot;slidesPerView&quot;:1,&quot;createElements&quot;:true,&quot;loop&quot;:true,&quot;freemode&quot;:true,&quot;navigation&quot;:{&quot;nextEl&quot;:&quot;buttonNext&quot;,&quot;prevEl&quot;:&quot;buttonPrev&quot;},&quot;breakpoints&quot;:{&quot;0&quot;:{&quot;slidesPerView&quot;:1},&quot;380&quot;:[],&quot;1024&quot;:[]},&quot;pagination&quot;:false}\" class=\"wp-block-group gt-is-slider gt-is-slider-desktop is-layout-flow wp-block-group-is-layout-flow\">\n<figure class=\"wp-block-image aligncenter size-full\"><img loading=\"lazy\" decoding=\"async\" width=\"1024\" height=\"768\" src=\"https:\/\/www.camping-lepontillou.com\/wp-content\/uploads\/2025\/05\/piscine.jpg\" alt=\"pool\" class=\"wp-image-943\" srcset=\"https:\/\/www.camping-lepontillou.com\/wp-content\/uploads\/2025\/05\/piscine.jpg 1024w, https:\/\/www.camping-lepontillou.com\/wp-content\/uploads\/2025\/05\/piscine-300x225.jpg 300w, https:\/\/www.camping-lepontillou.com\/wp-content\/uploads\/2025\/05\/piscine-768x576.jpg 768w\" sizes=\"auto, (max-width: 1024px) 100vw, 1024px\" \/><\/figure>\n\n\n\n<figure class=\"wp-block-image aligncenter size-full\"><img loading=\"lazy\" decoding=\"async\" width=\"640\" height=\"480\" src=\"https:\/\/www.camping-lepontillou.com\/wp-content\/uploads\/2025\/05\/MH15_Cottage.jpg\" alt=\"MH15 Cottage\" class=\"wp-image-939\" srcset=\"https:\/\/www.camping-lepontillou.com\/wp-content\/uploads\/2025\/05\/MH15_Cottage.jpg 640w, https:\/\/www.camping-lepontillou.com\/wp-content\/uploads\/2025\/05\/MH15_Cottage-300x225.jpg 300w\" sizes=\"auto, (max-width: 640px) 100vw, 640px\" \/><\/figure>\n\n\n\n<figure class=\"wp-block-image aligncenter size-full\"><img loading=\"lazy\" decoding=\"async\" width=\"2016\" height=\"1512\" src=\"https:\/\/www.camping-lepontillou.com\/wp-content\/uploads\/2025\/05\/MH14_Texas.jpg\" alt=\"MH14 Texas\" class=\"wp-image-937\" srcset=\"https:\/\/www.camping-lepontillou.com\/wp-content\/uploads\/2025\/05\/MH14_Texas.jpg 2016w, https:\/\/www.camping-lepontillou.com\/wp-content\/uploads\/2025\/05\/MH14_Texas-300x225.jpg 300w, https:\/\/www.camping-lepontillou.com\/wp-content\/uploads\/2025\/05\/MH14_Texas-1024x768.jpg 1024w, https:\/\/www.camping-lepontillou.com\/wp-content\/uploads\/2025\/05\/MH14_Texas-768x576.jpg 768w, https:\/\/www.camping-lepontillou.com\/wp-content\/uploads\/2025\/05\/MH14_Texas-1536x1152.jpg 1536w\" sizes=\"auto, (max-width: 2016px) 100vw, 2016px\" \/><\/figure>\n\n\n\n<figure class=\"wp-block-image aligncenter size-full\"><img loading=\"lazy\" decoding=\"async\" width=\"2016\" height=\"1512\" src=\"https:\/\/www.camping-lepontillou.com\/wp-content\/uploads\/2025\/05\/MH11_Louisiane.jpg\" alt=\"MH11 Louisiana\" class=\"wp-image-935\" srcset=\"https:\/\/www.camping-lepontillou.com\/wp-content\/uploads\/2025\/05\/MH11_Louisiane.jpg 2016w, https:\/\/www.camping-lepontillou.com\/wp-content\/uploads\/2025\/05\/MH11_Louisiane-300x225.jpg 300w, https:\/\/www.camping-lepontillou.com\/wp-content\/uploads\/2025\/05\/MH11_Louisiane-1024x768.jpg 1024w, https:\/\/www.camping-lepontillou.com\/wp-content\/uploads\/2025\/05\/MH11_Louisiane-768x576.jpg 768w, https:\/\/www.camping-lepontillou.com\/wp-content\/uploads\/2025\/05\/MH11_Louisiane-1536x1152.jpg 1536w\" sizes=\"auto, (max-width: 2016px) 100vw, 2016px\" \/><\/figure>\n<\/div>\n\n\n\n<p><\/p>\n\n\n\n<figure class=\"wp-block-image size-large leaf-section\"><img loading=\"lazy\" decoding=\"async\" width=\"290\" height=\"642\" src=\"https:\/\/www.camping-lepontillou.com\/wp-content\/uploads\/2025\/04\/branche-1.svg\" alt=\"branch (1)\" class=\"wp-image-104\"\/><\/figure>\n<\/div>\n\n\n\n<div class=\"wp-block-column is-vertically-aligned-top left has-link-color wp-elements-504883d4ef1f3a08897e6a287dc204e7 is-layout-flow wp-block-column-is-layout-flow\" style=\"flex-basis:45%\">\n<h2 class=\"wp-block-heading has-base-2-color has-text-color has-link-color wp-elements-5a3a0c01b4da7fcaad1e03c816145c46\" style=\"font-style:normal;font-weight:300\">Campsite development<\/h2>\n\n\n\n<p class=\"has-base-2-color has-text-color has-link-color wp-elements-31f70338bf89cfdf1d356e3f20c9775f\" style=\"margin-top:3rem;padding-right:6rem;line-height:2\">From <strong><mark style=\"background-color:rgba(0, 0, 0, 0);color:#b1c5a4\" class=\"has-inline-color\">many new features<\/mark><\/strong> in recent years, including complete renovation of the sanitary facilities, landscaping, new children&#8217;s play equipment, refurbishment of the Paillote and its terrace, safety measures for the swimming pool area, complete refurbishment of all &#8230;. rental units and much more. <\/p>\n\n\n\n<p class=\"has-base-2-color has-text-color has-link-color wp-elements-898cc2309d6185b6964579e31e57e57b\">From 2022, <strong><mark style=\"background-color:rgba(0, 0, 0, 0);color:#b1c5a4\" class=\"has-inline-color\">four new mobile homes<\/mark><\/strong> complete the range:<\/p>\n\n\n\n<ul style=\"padding-left:var(--wp--preset--spacing--30)\" class=\"wp-block-list has-link-color wp-elements-863ec38142f276d3bc5182cbfa402961\">\n<li class=\"has-base-2-color has-text-color\" style=\"line-height:1.5\">A <strong><mark style=\"background-color:rgba(0, 0, 0, 0);color:#b1c5a4\" class=\"has-inline-color\">sublime <a href=\"https:\/\/reservation.secureholiday.net\/fr\/3923\/search\/product-view\/111005\" target=\"_blank\" rel=\"noreferrer noopener nofollow\">Cottage<\/a><\/mark><\/strong> with a surface area of 38 m\u00b2 and a large 27 m\u00b2 semi-covered terrace. It has 2 bedrooms, including a master suite.<\/li>\n\n\n\n<li class=\"has-base-2-color has-text-color\">The <strong><mark style=\"background-color:rgba(0, 0, 0, 0);color:#b1c5a4\" class=\"has-inline-color\">magnificent<\/mark><\/strong> <strong><mark style=\"background-color:rgba(0, 0, 0, 0);color:#b1c5a4\" class=\"has-inline-color\"><a href=\"https:\/\/reservation.secureholiday.net\/fr\/3923\/search\/product-view\/33211\" target=\"_blank\" rel=\"noreferrer noopener nofollow\">mobil-home Texas<\/a><\/mark><\/strong> 30 m\u00b2 with 3 bedrooms and large semi-covered terrace, sleeps 6.<\/li>\n\n\n\n<li class=\"has-base-2-color has-text-color\"><strong><mark style=\"background-color:rgba(0, 0, 0, 0);color:#b1c5a4\" class=\"has-inline-color\">2 beautiful <a href=\"https:\/\/reservation.secureholiday.net\/fr\/3923\/search\/product-view\/118725\" target=\"_blank\" rel=\"noreferrer noopener nofollow\">Louisiane mobile homes<\/a><\/mark><\/strong> 40 m\u00b2 including a fully covered terrace, sleeps 5 people<br\/><\/li>\n<\/ul>\n\n\n\n<p class=\"has-base-2-color has-text-color has-link-color wp-elements-fbbdf9b1408f322648dd2411143a6f91\">More details on our <a href=\"https:\/\/www.camping-lepontillou.com\/en\/rental-accomodation-villamblard\/\" data-type=\"page\" data-id=\"23\">Dordogne rental accommodation<\/a> page.<\/p>\n<\/div>\n<\/div>\n<\/section>\n\n<section class=\"wp-block-group page-maillage has-global-padding is-layout-constrained wp-block-group-is-layout-constrained\" style=\"padding-top:var(--wp--preset--spacing--60);padding-bottom:var(--wp--preset--spacing--60)\">\n<p class=\"h1-like has-custom-color-1-color has-text-color has-link-color has-olijo-font-family wp-elements-b214bdb8d44c3a2fc14c55e91d316b6f\" style=\"padding-bottom:var(--wp--preset--spacing--40);font-size:clamp(39.963px, 2.498rem + ((1vw - 3.2px) * 3.65), 75px);\">Discover our services, <br\/> <span>the swimming pool and our accommodations<\/span><\/p>\n\n\n\n<div data-wp-context=\"{}\" data-wp-interactive=\"core\/query\" data-wp-key=\"0\" data-wp-router-region=\"query-0\" class=\"wp-block-query alignwide gt-fse-maillage-query is-layout-flow wp-block-query-is-layout-flow\"><ul class=\"columns-3 wp-block-post-template is-layout-grid wp-container-core-post-template-is-layout-6d3fbd8f wp-block-post-template-is-layout-grid\"><li data-wp-key=\"post-template-item-3138\" class=\"wp-block-post post-3138 page type-page status-publish has-post-thumbnail hentry\">\n<figure class=\"wp-block-post-featured-image\"><img loading=\"lazy\" decoding=\"async\" width=\"2000\" height=\"1333\" src=\"https:\/\/www.camping-lepontillou.com\/wp-content\/uploads\/2025\/05\/la-paillotte-camping-le-pontillou.jpg\" class=\"attachment-full size-full wp-post-image\" alt=\"la paillotte camping le pontillou\" style=\"object-fit:cover;\" srcset=\"https:\/\/www.camping-lepontillou.com\/wp-content\/uploads\/2025\/05\/la-paillotte-camping-le-pontillou.jpg 2000w, https:\/\/www.camping-lepontillou.com\/wp-content\/uploads\/2025\/05\/la-paillotte-camping-le-pontillou-300x200.jpg 300w, https:\/\/www.camping-lepontillou.com\/wp-content\/uploads\/2025\/05\/la-paillotte-camping-le-pontillou-1024x682.jpg 1024w, https:\/\/www.camping-lepontillou.com\/wp-content\/uploads\/2025\/05\/la-paillotte-camping-le-pontillou-768x512.jpg 768w, https:\/\/www.camping-lepontillou.com\/wp-content\/uploads\/2025\/05\/la-paillotte-camping-le-pontillou-1536x1024.jpg 1536w\" sizes=\"auto, (max-width: 2000px) 100vw, 2000px\" \/><\/figure>\n\n\n<p class=\"h1-like has-base-2-color has-text-color has-link-color has-olijo-font-family has-large-font-size wp-elements-6401321a49d9eb6c5932a6302be33319\">Equipment &amp; services<\/p>\n\n\n<a class=\"is-style-lien-cover wp-block-read-more\" href=\"https:\/\/www.camping-lepontillou.com\/en\/family-campsite-villamblard\/\" target=\"_self\">Read more<span class=\"screen-reader-text\">: Equipment &amp; services<\/span><\/a>\n<\/li><li data-wp-key=\"post-template-item-3112\" class=\"wp-block-post post-3112 page type-page status-publish has-post-thumbnail hentry\">\n<figure class=\"wp-block-post-featured-image\"><img loading=\"lazy\" decoding=\"async\" width=\"2000\" height=\"1333\" src=\"https:\/\/www.camping-lepontillou.com\/wp-content\/uploads\/2025\/05\/camping-piscine-perigueux.jpg\" class=\"attachment-full size-full wp-post-image\" alt=\"camping pool perigueux\" style=\"object-fit:cover;\" srcset=\"https:\/\/www.camping-lepontillou.com\/wp-content\/uploads\/2025\/05\/camping-piscine-perigueux.jpg 2000w, https:\/\/www.camping-lepontillou.com\/wp-content\/uploads\/2025\/05\/camping-piscine-perigueux-300x200.jpg 300w, https:\/\/www.camping-lepontillou.com\/wp-content\/uploads\/2025\/05\/camping-piscine-perigueux-1024x682.jpg 1024w, https:\/\/www.camping-lepontillou.com\/wp-content\/uploads\/2025\/05\/camping-piscine-perigueux-768x512.jpg 768w, https:\/\/www.camping-lepontillou.com\/wp-content\/uploads\/2025\/05\/camping-piscine-perigueux-1536x1024.jpg 1536w\" sizes=\"auto, (max-width: 2000px) 100vw, 2000px\" \/><\/figure>\n\n\n<p class=\"h1-like has-base-2-color has-text-color has-link-color has-olijo-font-family has-large-font-size wp-elements-6401321a49d9eb6c5932a6302be33319\">The swimming pool<\/p>\n\n\n<a class=\"is-style-lien-cover wp-block-read-more\" href=\"https:\/\/www.camping-lepontillou.com\/en\/campsite-pool-villamblard\/\" target=\"_self\">Read more<span class=\"screen-reader-text\">: The swimming pool<\/span><\/a>\n<\/li><li data-wp-key=\"post-template-item-3120\" class=\"wp-block-post post-3120 page type-page status-publish has-post-thumbnail hentry\">\n<figure class=\"wp-block-post-featured-image\"><img loading=\"lazy\" decoding=\"async\" width=\"2000\" height=\"1333\" src=\"https:\/\/www.camping-lepontillou.com\/wp-content\/uploads\/2025\/05\/location-hebergement-villamblard.jpg\" class=\"attachment-full size-full wp-post-image\" alt=\"accommodation rental villamblard\" style=\"object-fit:cover;\" srcset=\"https:\/\/www.camping-lepontillou.com\/wp-content\/uploads\/2025\/05\/location-hebergement-villamblard.jpg 2000w, https:\/\/www.camping-lepontillou.com\/wp-content\/uploads\/2025\/05\/location-hebergement-villamblard-300x200.jpg 300w, https:\/\/www.camping-lepontillou.com\/wp-content\/uploads\/2025\/05\/location-hebergement-villamblard-1024x682.jpg 1024w, https:\/\/www.camping-lepontillou.com\/wp-content\/uploads\/2025\/05\/location-hebergement-villamblard-768x512.jpg 768w, https:\/\/www.camping-lepontillou.com\/wp-content\/uploads\/2025\/05\/location-hebergement-villamblard-1536x1024.jpg 1536w\" sizes=\"auto, (max-width: 2000px) 100vw, 2000px\" \/><\/figure>\n\n\n<p class=\"h1-like has-base-2-color has-text-color has-link-color has-olijo-font-family has-large-font-size wp-elements-6401321a49d9eb6c5932a6302be33319\">Lodging<\/p>\n\n\n<a class=\"is-style-lien-cover wp-block-read-more\" href=\"https:\/\/www.camping-lepontillou.com\/en\/rental-accomodation-villamblard\/\" target=\"_self\">Read more<span class=\"screen-reader-text\">: Our rentals<\/span><\/a>\n<\/li><\/ul><\/div>\n<\/section>\n","protected":false},"excerpt":{"rendered":"<p>Quiet, friendly campsite in the Dordogne The history of camping in Villamblard &#8220;Le Pontillou, meaning &#8220;little bridge&#8221; in Occitan, is Villamblard&#8217;s former municipal campsite, located in the valley of the same name. We were seduced by its charm in 2021. Every year, we continue to upgrade and embellish the campsite to ensure you enjoy a [&hellip;]<\/p>\n","protected":false},"author":1,"featured_media":922,"parent":0,"menu_order":0,"comment_status":"closed","ping_status":"closed","template":"","meta":{"_acf_changed":false,"_seopress_robots_primary_cat":"","_seopress_titles_title":"Authentic campsite near P\u00e9rigueux and its history in the Dordogne","_seopress_titles_desc":"Discover our lovely campsite in Dordogne-P\u00e9rigord between P\u00e9rigueux and Bergerac. Quiet, friendly and natural. Its swimming pool, straw hut, coolness and shade will charm you for a stay in Dordogne-P\u00e9rigord.  ","_seopress_robots_index":"","_gt_ctv_global_id":"","_gt_ctv_id_group":false,"inline_featured_image":false,"gt_fse_maillage_image":"https:\/\/www.camping-lepontillou.com\/wp-content\/uploads\/2025\/04\/fond-1.png","gt_fse_maillage_titre":"The campsite","gt_fse_maillage_alt":"Auto draft","gt_fse_maillage_resume":"","footnotes":""},"categories":[],"tags":[],"class_list":["post-3129","page","type-page","status-publish","has-post-thumbnail","hentry"],"acf":[],"_links":{"self":[{"href":"https:\/\/www.camping-lepontillou.com\/en\/wp-json\/wp\/v2\/pages\/3129","targetHints":{"allow":["GET"]}}],"collection":[{"href":"https:\/\/www.camping-lepontillou.com\/en\/wp-json\/wp\/v2\/pages"}],"about":[{"href":"https:\/\/www.camping-lepontillou.com\/en\/wp-json\/wp\/v2\/types\/page"}],"author":[{"embeddable":true,"href":"https:\/\/www.camping-lepontillou.com\/en\/wp-json\/wp\/v2\/users\/1"}],"replies":[{"embeddable":true,"href":"https:\/\/www.camping-lepontillou.com\/en\/wp-json\/wp\/v2\/comments?post=3129"}],"version-history":[{"count":3,"href":"https:\/\/www.camping-lepontillou.com\/en\/wp-json\/wp\/v2\/pages\/3129\/revisions"}],"predecessor-version":[{"id":3187,"href":"https:\/\/www.camping-lepontillou.com\/en\/wp-json\/wp\/v2\/pages\/3129\/revisions\/3187"}],"wp:featuredmedia":[{"embeddable":true,"href":"https:\/\/www.camping-lepontillou.com\/en\/wp-json\/wp\/v2\/media\/922"}],"wp:attachment":[{"href":"https:\/\/www.camping-lepontillou.com\/en\/wp-json\/wp\/v2\/media?parent=3129"}],"wp:term":[{"taxonomy":"category","embeddable":true,"href":"https:\/\/www.camping-lepontillou.com\/en\/wp-json\/wp\/v2\/categories?post=3129"},{"taxonomy":"post_tag","embeddable":true,"href":"https:\/\/www.camping-lepontillou.com\/en\/wp-json\/wp\/v2\/tags?post=3129"}],"curies":[{"name":"wp","href":"https:\/\/api.w.org\/{rel}","templated":true}]}}